{"id":17683,"date":"2022-08-02T13:01:49","date_gmt":"2022-08-02T10:01:49","guid":{"rendered":"https:\/\/duyarpompa.com\/katalog-ve-sunum\/"},"modified":"2025-02-05T13:03:04","modified_gmt":"2025-02-05T10:03:04","slug":"catalog-and-presentation","status":"publish","type":"page","link":"https:\/\/duyarpompa.com\/en\/catalog-and-presentation\/","title":{"rendered":"Catalog and Presentation"},"content":{"rendered":"\t\t<div data-elementor-type=\"wp-page\" data-elementor-id=\"17683\" class=\"elementor elementor-17683\" data-elementor-post-type=\"page\">\n\t\t\t\t\t\t<section class=\"elementor-section elementor-top-section elementor-element elementor-element-6e7cf3c elementor-section-boxed elementor-section-height-default elementor-section-height-default wd-section-disabled\" data-id=\"6e7cf3c\" data-element_type=\"section\">\n\t\t\t\t\t\t<div class=\"elementor-container elementor-column-gap-default\">\n\t\t\t\t\t<div class=\"elementor-column elementor-col-50 elementor-top-column elementor-element elementor-element-36d1abb\" data-id=\"36d1abb\" data-element_type=\"column\">\n\t\t\t<div class=\"elementor-widget-wrap elementor-element-populated\">\n\t\t\t\t\t\t<div class=\"elementor-element elementor-element-40a0d44 elementor-widget elementor-widget-wd_image_or_svg\" data-id=\"40a0d44\" data-element_type=\"widget\" data-widget_type=\"wd_image_or_svg.default\">\n\t\t\t\t<div class=\"elementor-widget-container\">\n\t\t\t\n\t\t<div class=\"wd-image text-center\">\n\t\t\t\t\t\t\t<a  href=\"https:\/\/duyarpompa.com\/wp-content\/uploads\/2024\/09\/genel-katalog-ENG-060924.pdf\" target=\"_blank\">\n\t\t\t\t\t\t\t\t<img fetchpriority=\"high\" decoding=\"async\" width=\"300\" height=\"400\" src=\"https:\/\/duyarpompa.com\/wp-content\/uploads\/2024\/08\/Ekran-goruntusu-2024-08-02-073741-300x400.png\" class=\"attachment-300x400 size-300x400\" alt=\"\" title=\"\">\t\t\t\t\t\t\t<\/a>\n\t\t\t\t\t<\/div>\n\n\t\t\t\t<\/div>\n\t\t\t\t<\/div>\n\t\t\t\t<div class=\"elementor-element elementor-element-7d89d01 elementor-widget elementor-widget-wd_text_block\" data-id=\"7d89d01\" data-element_type=\"widget\" data-widget_type=\"wd_text_block.default\">\n\t\t\t\t<div class=\"elementor-widget-container\">\n\t\t\t\t\t<div class=\"wd-text-block reset-last-child text-left\">\n\t\t\t\n\t\t\t<h4 style=\"text-align: center;\"><a href=\"https:\/\/duyarpompa.com\/wp-content\/uploads\/2024\/05\/Product-Catalogue_ENG_230424.pdf\" target=\"_blank\" rel=\"noopener\">Click to view our 2024 Catalogue<\/a><\/h4>\n\t\t\t\t\t<\/div>\n\t\t\t\t<\/div>\n\t\t\t\t<\/div>\n\t\t\t\t\t<\/div>\n\t\t<\/div>\n\t\t\t\t<div class=\"elementor-column elementor-col-50 elementor-top-column elementor-element elementor-element-a35375f\" data-id=\"a35375f\" data-element_type=\"column\">\n\t\t\t<div class=\"elementor-widget-wrap elementor-element-populated\">\n\t\t\t\t\t\t<div class=\"elementor-element elementor-element-0f4e842 elementor-widget elementor-widget-wd_image_or_svg\" data-id=\"0f4e842\" data-element_type=\"widget\" data-widget_type=\"wd_image_or_svg.default\">\n\t\t\t\t<div class=\"elementor-widget-container\">\n\t\t\t\n\t\t<div class=\"wd-image text-center\">\n\t\t\t\t\t\t\t<a  href=\"https:\/\/duyarpompa.com\/wp-content\/uploads\/2025\/02\/Presentation-2025.pptx\" target=\"_blank\">\n\t\t\t\t\t\t\t\t<img decoding=\"async\" width=\"925\" height=\"695\" data-src=\"https:\/\/duyarpompa.com\/wp-content\/uploads\/2025\/02\/Ekran-goruntusu-2025-02-05-125531.png\" class=\"attachment-full size-full lazyload\" alt=\"\" data-srcset=\"https:\/\/duyarpompa.com\/wp-content\/uploads\/2025\/02\/Ekran-goruntusu-2025-02-05-125531.png 925w, https:\/\/duyarpompa.com\/wp-content\/uploads\/2025\/02\/Ekran-goruntusu-2025-02-05-125531-400x300.png 400w, https:\/\/duyarpompa.com\/wp-content\/uploads\/2025\/02\/Ekran-goruntusu-2025-02-05-125531-768x577.png 768w, https:\/\/duyarpompa.com\/wp-content\/uploads\/2025\/02\/Ekran-goruntusu-2025-02-05-125531-860x646.png 860w, https:\/\/duyarpompa.com\/wp-content\/uploads\/2025\/02\/Ekran-goruntusu-2025-02-05-125531-430x323.png 430w, https:\/\/duyarpompa.com\/wp-content\/uploads\/2025\/02\/Ekran-goruntusu-2025-02-05-125531-700x526.png 700w, https:\/\/duyarpompa.com\/wp-content\/uploads\/2025\/02\/Ekran-goruntusu-2025-02-05-125531-150x113.png 150w\" data-sizes=\"(max-width: 925px) 100vw, 925px\" title=\"\" src=\"data:image\/gif;base64,R0lGODlhAQABAAAAACH5BAEKAAEALAAAAAABAAEAAAICTAEAOw==\" style=\"--smush-placeholder-width: 925px; --smush-placeholder-aspect-ratio: 925\/695;\"><noscript><img decoding=\"async\" width=\"925\" height=\"695\" src=\"https:\/\/duyarpompa.com\/wp-content\/uploads\/2025\/02\/Ekran-goruntusu-2025-02-05-125531.png\" class=\"attachment-full size-full\" alt=\"\" srcset=\"https:\/\/duyarpompa.com\/wp-content\/uploads\/2025\/02\/Ekran-goruntusu-2025-02-05-125531.png 925w, https:\/\/duyarpompa.com\/wp-content\/uploads\/2025\/02\/Ekran-goruntusu-2025-02-05-125531-400x300.png 400w, https:\/\/duyarpompa.com\/wp-content\/uploads\/2025\/02\/Ekran-goruntusu-2025-02-05-125531-768x577.png 768w, https:\/\/duyarpompa.com\/wp-content\/uploads\/2025\/02\/Ekran-goruntusu-2025-02-05-125531-860x646.png 860w, https:\/\/duyarpompa.com\/wp-content\/uploads\/2025\/02\/Ekran-goruntusu-2025-02-05-125531-430x323.png 430w, https:\/\/duyarpompa.com\/wp-content\/uploads\/2025\/02\/Ekran-goruntusu-2025-02-05-125531-700x526.png 700w, https:\/\/duyarpompa.com\/wp-content\/uploads\/2025\/02\/Ekran-goruntusu-2025-02-05-125531-150x113.png 150w\" sizes=\"(max-width: 925px) 100vw, 925px\" title=\"\"><\/noscript>\t\t\t\t\t\t\t<\/a>\n\t\t\t\t\t<\/div>\n\n\t\t\t\t<\/div>\n\t\t\t\t<\/div>\n\t\t\t\t<div class=\"elementor-element elementor-element-f5a9c73 elementor-widget elementor-widget-wd_text_block\" data-id=\"f5a9c73\" data-element_type=\"widget\" data-widget_type=\"wd_text_block.default\">\n\t\t\t\t<div class=\"elementor-widget-container\">\n\t\t\t\t\t<div class=\"wd-text-block reset-last-child text-left\">\n\t\t\t\n\t\t\t<h4 style=\"text-align: center;\"><a href=\"https:\/\/duyarpompa.com\/wp-content\/uploads\/2025\/02\/Presentation-2025.pptx\" target=\"_blank\" rel=\"noopener\">Click to view our presentation file<\/a><\/h4>\n\t\t\t\t\t<\/div>\n\t\t\t\t<\/div>\n\t\t\t\t<\/div>\n\t\t\t\t\t<\/div>\n\t\t<\/div>\n\t\t\t\t\t<\/div>\n\t\t<\/section>\n\t\t\t\t<section class=\"elementor-section elementor-top-section elementor-element elementor-element-d8d559c elementor-section-boxed elementor-section-height-default elementor-section-height-default wd-section-disabled\" data-id=\"d8d559c\" data-element_type=\"section\">\n\t\t\t\t\t\t<div class=\"elementor-container elementor-column-gap-default\">\n\t\t\t\t\t<div class=\"elementor-column elementor-col-100 elementor-top-column elementor-element elementor-element-f7d9e72\" data-id=\"f7d9e72\" data-element_type=\"column\">\n\t\t\t<div class=\"elementor-widget-wrap elementor-element-populated\">\n\t\t\t\t\t\t<div class=\"elementor-element elementor-element-b426dd3 elementor-widget elementor-widget-html\" data-id=\"b426dd3\" data-element_type=\"widget\" data-widget_type=\"html.default\">\n\t\t\t\t<div class=\"elementor-widget-container\">\n\t\t\t<script>function replaceRecursively(element, from, to) {\r\n\t\tif (element.childNodes.length) {\r\n\t\t\telement.childNodes.forEach(child => replaceRecursively(child, from, to));\r\n\t\t} else {\r\n\t\t\tconst cont = element.textContent;\r\n\t\t\tif (cont) element.textContent = cont.replace(from, to);\r\n\t\t}\r\n};\r\nreplaceRecursively(document.body, new RegExp(\"SERT\u0130F\u0130KASI\", \"g\"), \"CERTIFICATE\");\r\nreplaceRecursively(document.body, new RegExp(\"POMPALARI\", \"g\"), \"PUMPS\");\r\nreplaceRecursively(document.body, new RegExp(\"H\u0130DROFORLAR\", \"g\"), \"BOOSTERS\");\r\nreplaceRecursively(document.body, new RegExp(\"S\u0130RK\u00dcLASYON\", \"g\"), \"CIRCULATION\");\r\nreplaceRecursively(document.body, new RegExp(\"ATIK SU\", \"g\"), \"WASTE WATER\");\r\nreplaceRecursively(document.body, new RegExp(\"GENLE\u015eME TANKLARI\", \"g\"), \"EXPANSION TANKS\");\r\nreplaceRecursively(document.body, new RegExp(\"Sunum dosyam\u0131z\u0131 incelemek i\u00e7in t\u0131klay\u0131n\", \"g\"), \"Click to view our 2022 Catalogue\");\r\nreplaceRecursively(document.body, new RegExp(\"2022 Katalo\u011fumuzu incelemek i\u00e7in t\u0131klay\u0131n\", \"g\"), \"Click to view our presentation file\");\r\n\r\n<\/script>\t\t<\/div>\n\t\t\t\t<\/div>\n\t\t\t\t\t<\/div>\n\t\t<\/div>\n\t\t\t\t\t<\/div>\n\t\t<\/section>\n\t\t\t\t<\/div>\n\t\t","protected":false},"excerpt":{"rendered":"<p>Click to view our 2024 Catalogue Click to view our presentation file<\/p>\n","protected":false},"author":39,"featured_media":0,"parent":0,"menu_order":0,"comment_status":"closed","ping_status":"closed","template":"","meta":{"_acf_changed":false,"inline_featured_image":false,"footnotes":"","_links_to":"","_links_to_target":""},"class_list":["post-17683","page","type-page","status-publish","hentry"],"acf":[],"_links":{"self":[{"href":"https:\/\/duyarpompa.com\/en\/wp-json\/wp\/v2\/pages\/17683","targetHints":{"allow":["GET"]}}],"collection":[{"href":"https:\/\/duyarpompa.com\/en\/wp-json\/wp\/v2\/pages"}],"about":[{"href":"https:\/\/duyarpompa.com\/en\/wp-json\/wp\/v2\/types\/page"}],"author":[{"embeddable":true,"href":"https:\/\/duyarpompa.com\/en\/wp-json\/wp\/v2\/users\/39"}],"replies":[{"embeddable":true,"href":"https:\/\/duyarpompa.com\/en\/wp-json\/wp\/v2\/comments?post=17683"}],"version-history":[{"count":67,"href":"https:\/\/duyarpompa.com\/en\/wp-json\/wp\/v2\/pages\/17683\/revisions"}],"predecessor-version":[{"id":21520,"href":"https:\/\/duyarpompa.com\/en\/wp-json\/wp\/v2\/pages\/17683\/revisions\/21520"}],"wp:attachment":[{"href":"https:\/\/duyarpompa.com\/en\/wp-json\/wp\/v2\/media?parent=17683"}],"curies":[{"name":"wp","href":"https:\/\/api.w.org\/{rel}","templated":true}]}}