{"id":17473,"date":"2022-08-09T12:18:02","date_gmt":"2022-08-09T09:18:02","guid":{"rendered":"https:\/\/duyarpompa.com\/urun\/dmvp-paslanmaz-hidroforlar\/"},"modified":"2024-07-10T17:08:03","modified_gmt":"2024-07-10T14:08:03","slug":"dmvp-ss-boosters","status":"publish","type":"product","link":"https:\/\/duyarpompa.com\/en\/urun\/dmvp-ss-boosters\/","title":{"rendered":"DMVP SS Boosters"},"content":{"rendered":"\t\t<div data-elementor-type=\"wp-post\" data-elementor-id=\"17473\" class=\"elementor elementor-17473\" data-elementor-post-type=\"product\">\n\t\t\t\t\t\t<section class=\"elementor-section elementor-top-section elementor-element elementor-element-ed64761 fixed elementor-section-boxed elementor-section-height-default elementor-section-height-default wd-section-disabled\" data-id=\"ed64761\" data-element_type=\"section\" data-settings=\"{&quot;background_background&quot;:&quot;classic&quot;}\">\n\t\t\t\t\t\t<div class=\"elementor-container elementor-column-gap-no\">\n\t\t\t\t\t<div class=\"elementor-column elementor-col-50 elementor-top-column elementor-element elementor-element-da1b2cb\" data-id=\"da1b2cb\" data-element_type=\"column\" data-settings=\"{&quot;background_background&quot;:&quot;classic&quot;}\">\n\t\t\t<div class=\"elementor-widget-wrap elementor-element-populated\">\n\t\t\t\t\t\t<div class=\"elementor-element elementor-element-8be6937 elementor-widget elementor-widget-wd_button\" data-id=\"8be6937\" data-element_type=\"widget\" data-widget_type=\"wd_button.default\">\n\t\t\t\t<div class=\"elementor-widget-container\">\n\t\t\t\t\t<div class=\"wd-button-wrapper text-center wd-smooth-scroll\"  data-smooth-time=\"400\" data-smooth-offset=\"80\">\n\t\t\t<a class=\"btn btn-style-default btn-style-rectangle btn-size-large btn-color-primary btn-icon-pos-right\"  href=\"#teknik\">\n\t\t\t\t<span class=\"wd-btn-text\" data-elementor-setting-key=\"text\">\n\t\t\t\t\tPOMPA \u00d6ZELL\u0130KLER\u0130\t\t\t\t<\/span>\n\n\t\t\t\t\t\t\t<\/a>\n\t\t<\/div>\n\t\t\t\t<\/div>\n\t\t\t\t<\/div>\n\t\t\t\t\t<\/div>\n\t\t<\/div>\n\t\t\t\t<div class=\"elementor-column elementor-col-50 elementor-top-column elementor-element elementor-element-5f3c581\" data-id=\"5f3c581\" data-element_type=\"column\" data-settings=\"{&quot;background_background&quot;:&quot;classic&quot;}\">\n\t\t\t<div class=\"elementor-widget-wrap elementor-element-populated\">\n\t\t\t\t\t\t<div class=\"elementor-element elementor-element-b02b30c elementor-widget elementor-widget-wd_button\" data-id=\"b02b30c\" data-element_type=\"widget\" data-widget_type=\"wd_button.default\">\n\t\t\t\t<div class=\"elementor-widget-container\">\n\t\t\t\t\t<div class=\"wd-button-wrapper text-center wd-smooth-scroll\"  data-smooth-time=\"400\" data-smooth-offset=\"80\">\n\t\t\t<a class=\"btn btn-style-default btn-style-rectangle btn-size-large btn-color-primary btn-icon-pos-right\"  href=\"#sistem\">\n\t\t\t\t<span class=\"wd-btn-text\" data-elementor-setting-key=\"text\">\n\t\t\t\t\tTEKN\u0130K \u00d6ZELL\u0130KLER\t\t\t\t<\/span>\n\n\t\t\t\t\t\t\t<\/a>\n\t\t<\/div>\n\t\t\t\t<\/div>\n\t\t\t\t<\/div>\n\t\t\t\t\t<\/div>\n\t\t<\/div>\n\t\t\t\t\t<\/div>\n\t\t<\/section>\n\t\t\t\t<section class=\"elementor-section elementor-top-section elementor-element elementor-element-4890d588 elementor-section-full_width wd-section-stretch elementor-section-height-default elementor-section-height-default\" data-id=\"4890d588\" data-element_type=\"section\" id=\"teknik\" data-settings=\"{&quot;background_background&quot;:&quot;classic&quot;}\">\n\t\t\t\t\t\t<div class=\"elementor-container elementor-column-gap-default\">\n\t\t\t\t\t<div class=\"elementor-column elementor-col-100 elementor-top-column elementor-element elementor-element-32ae9482\" data-id=\"32ae9482\" data-element_type=\"column\">\n\t\t\t<div class=\"elementor-widget-wrap elementor-element-populated\">\n\t\t\t\t\t\t<div class=\"elementor-element elementor-element-387ccbb5 elementor-widget elementor-widget-wd_text_block\" data-id=\"387ccbb5\" data-element_type=\"widget\" data-widget_type=\"wd_text_block.default\">\n\t\t\t\t<div class=\"elementor-widget-container\">\n\t\t\t\t\t<div class=\"wd-text-block reset-last-child text-left\">\n\t\t\t\n\t\t\t<table width=\"369\" class=\"mtr-table mtr-tr-td\"><tbody><tr><td width=\"183\" data-mtr-content=\"Pompa \u00d6zellikleri\" class=\"mtr-td-tag\"><div class=\"mtr-cell-content\"><strong>Pompa \u00d6zellikleri<\/strong><\/div><\/td><td width=\"186\" data-mtr-content=\"\u00a0\" class=\"mtr-td-tag\"><div class=\"mtr-cell-content\">\u00a0<\/div><\/td><\/tr><tr><td width=\"183\" data-mtr-content=\"Pompa \u00d6zellikleri\" class=\"mtr-td-tag\"><div class=\"mtr-cell-content\">Pompa G\u00f6vdesi<\/div><\/td><td data-mtr-content=\"\u00a0\" class=\"mtr-td-tag\"><div class=\"mtr-cell-content\">AISI 304 - Paslanmaz \u00c7elik<\/div><\/td><\/tr><tr><td data-mtr-content=\"Pompa \u00d6zellikleri\" class=\"mtr-td-tag\"><div class=\"mtr-cell-content\">Mil<\/div><\/td><td data-mtr-content=\"\u00a0\" class=\"mtr-td-tag\"><div class=\"mtr-cell-content\">AISI 304 - Paslanmaz \u00c7elik<\/div><\/td><\/tr><tr><td data-mtr-content=\"Pompa \u00d6zellikleri\" class=\"mtr-td-tag\"><div class=\"mtr-cell-content\">\u00c7ark\/Dif\u00fcz\u00f6r<\/div><\/td><td data-mtr-content=\"\u00a0\" class=\"mtr-td-tag\"><div class=\"mtr-cell-content\">Paslanmaz<\/div><\/td><\/tr><tr><td data-mtr-content=\"Pompa \u00d6zellikleri\" class=\"mtr-td-tag\"><div class=\"mtr-cell-content\">Emme-Basma G\u00f6vdesi<\/div><\/td><td data-mtr-content=\"\u00a0\" class=\"mtr-td-tag\"><div class=\"mtr-cell-content\">GG25 - Pik D\u00f6k\u00fcm<\/div><\/td><\/tr><tr><td data-mtr-content=\"Pompa \u00d6zellikleri\" class=\"mtr-td-tag\"><div class=\"mtr-cell-content\">Mekanik Salmastra<\/div><\/td><td data-mtr-content=\"\u00a0\" class=\"mtr-td-tag\"><div class=\"mtr-cell-content\">Karbon \/ Seramik<\/div><\/td><\/tr><\/tbody><\/table>\n\t\t\t\t\t<\/div>\n\t\t\t\t<\/div>\n\t\t\t\t<\/div>\n\t\t\t\t\t<\/div>\n\t\t<\/div>\n\t\t\t\t\t<\/div>\n\t\t<\/section>\n\t\t\t\t<section class=\"elementor-section elementor-top-section elementor-element elementor-element-1a69381 elementor-section-full_width wd-section-stretch elementor-section-height-default elementor-section-height-default\" data-id=\"1a69381\" data-element_type=\"section\" id=\"sistem\" data-settings=\"{&quot;background_background&quot;:&quot;classic&quot;}\">\n\t\t\t\t\t\t<div class=\"elementor-container elementor-column-gap-default\">\n\t\t\t\t\t<div class=\"elementor-column elementor-col-100 elementor-top-column elementor-element elementor-element-23fb01e\" data-id=\"23fb01e\" data-element_type=\"column\">\n\t\t\t<div class=\"elementor-widget-wrap elementor-element-populated\">\n\t\t\t\t\t\t<div class=\"elementor-element elementor-element-1246fb9 elementor-widget elementor-widget-wd_text_block\" data-id=\"1246fb9\" data-element_type=\"widget\" data-widget_type=\"wd_text_block.default\">\n\t\t\t\t<div class=\"elementor-widget-container\">\n\t\t\t\t\t<div class=\"wd-text-block reset-last-child text-left\">\n\t\t\t\n\t\t\t<div class=\"cmsmasters_text\"><div id=\"urun\" class=\"zn_anchor_point _mPS2id-t b-target\"><div class=\"cmsmasters_text\"><div id=\"urun\" class=\"zn_anchor_point _mPS2id-t b-target\"><table width=\"369\" class=\"mtr-table mtr-tr-td\"><tbody><tr><td width=\"183\" data-mtr-content=\"Teknik \u00d6zellikler\" class=\"mtr-td-tag\"><div class=\"mtr-cell-content\"><strong>Teknik \u00d6zellikler<\/strong><\/div><\/td><td width=\"186\" data-mtr-content=\"\u00a0\" class=\"mtr-td-tag\"><div class=\"mtr-cell-content\">\u00a0<\/div><\/td><\/tr><tr><td data-mtr-content=\"Teknik \u00d6zellikler\" class=\"mtr-td-tag\"><div class=\"mtr-cell-content\">Debi Q<\/div><\/td><td data-mtr-content=\"\u00a0\" class=\"mtr-td-tag\"><div class=\"mtr-cell-content\">4 - 450 GPM<\/div><\/td><\/tr><tr><td data-mtr-content=\"Teknik \u00d6zellikler\" class=\"mtr-td-tag\"><div class=\"mtr-cell-content\">Basma Y\u00fcksekli\u011fi<\/div><\/td><td data-mtr-content=\"\u00a0\" class=\"mtr-td-tag\"><div class=\"mtr-cell-content\">10 - 450 PSI<\/div><\/td><\/tr><tr><td data-mtr-content=\"Teknik \u00d6zellikler\" class=\"mtr-td-tag\"><div class=\"mtr-cell-content\">Motor H\u0131z\u0131<\/div><\/td><td data-mtr-content=\"\u00a0\" class=\"mtr-td-tag\"><div class=\"mtr-cell-content\">2900 d\/dk (50Hz)<\/div><\/td><\/tr><tr><td data-mtr-content=\"Teknik \u00d6zellikler\" class=\"mtr-td-tag\"><div class=\"mtr-cell-content\">Giri\u015f-\u00c7\u0131k\u0131\u015f<\/div><\/td><td data-mtr-content=\"\u00a0\" class=\"mtr-td-tag\"><div class=\"mtr-cell-content\">DN100-DN80<\/div><\/td><\/tr><tr><td data-mtr-content=\"Teknik \u00d6zellikler\" class=\"mtr-td-tag\"><div class=\"mtr-cell-content\">G\u00fc\u00e7<\/div><\/td><td data-mtr-content=\"\u00a0\" class=\"mtr-td-tag\"><div class=\"mtr-cell-content\">0,37kW'den 45 kW'ye kadar<\/div><\/td><\/tr><tr><td data-mtr-content=\"Teknik \u00d6zellikler\" class=\"mtr-td-tag\"><div class=\"mtr-cell-content\">Pano\u00a0<\/div><\/td><td data-mtr-content=\"\u00a0\" class=\"mtr-td-tag\"><div class=\"mtr-cell-content\">Tam otomatik, haftal\u0131k testli<\/div><\/td><\/tr><tr><td data-mtr-content=\"Teknik \u00d6zellikler\" class=\"mtr-td-tag\"><div class=\"mtr-cell-content\">\u00a0<\/div><\/td><td data-mtr-content=\"\u00a0\" class=\"mtr-td-tag\"><div class=\"mtr-cell-content\">Sesli, \u0131\u015f\u0131kl\u0131, alarml\u0131<\/div><\/td><\/tr><\/tbody><\/table><\/div><\/div><\/div><\/div>\n\t\t\t\t\t<\/div>\n\t\t\t\t<\/div>\n\t\t\t\t<\/div>\n\t\t\t\t<div class=\"elementor-element elementor-element-a42dc1a elementor-widget elementor-widget-html\" data-id=\"a42dc1a\" data-element_type=\"widget\" data-widget_type=\"html.default\">\n\t\t\t\t<div class=\"elementor-widget-container\">\n\t\t\t<script>function replaceRecursively(element, from, to) {\r\n\t\tif (element.childNodes.length) {\r\n\t\t\telement.childNodes.forEach(child => replaceRecursively(child, from, to));\r\n\t\t} else {\r\n\t\t\tconst cont = element.textContent;\r\n\t\t\tif (cont) element.textContent = cont.replace(from, to);\r\n\t\t}\r\n};\r\nreplaceRecursively(document.body, new RegExp(\"\u0130lave Ekipmanlar\", \"g\"), \"Additional Equipment\");\r\nreplaceRecursively(document.body, new RegExp(\"Malzeme Ekipmanlar\u0131\", \"g\"), \"Material Equipment\");\r\nreplaceRecursively(document.body, new RegExp(\"Pompa G\u00f6vdesi\", \"g\"), \"Pump Body\");\r\nreplaceRecursively(document.body, new RegExp(\"D\u00f6kme Demir\", \"g\"), \"Cast Iron\");\r\nreplaceRecursively(document.body, new RegExp(\"Paslanmaz \u00c7elik\", \"g\"), \"Stainless Steel\");\r\nreplaceRecursively(document.body, new RegExp(\"Kompozit\", \"g\"), \"Composite\");\r\nreplaceRecursively(document.body, new RegExp(\"Ak\u0131\u015fkan S\u0131cakl\u0131\u011f\u0131\", \"g\"), \"Fluid Temperature\");\r\nreplaceRecursively(document.body, new RegExp(\"\u015eebeke Ba\u011flant\u0131s\u0131\", \"g\"), \"Network Connection\");\r\nreplaceRecursively(document.body, new RegExp(\"Koruma S\u0131n\u0131f\u0131\", \"g\"), \"Protection Class\");\r\nreplaceRecursively(document.body, new RegExp(\"\u0130zolasyon S\u0131n\u0131f\u0131\", \"g\"), \"Insulation Class\");\r\nreplaceRecursively(document.body, new RegExp(\"Max. \u00c7al\u0131\u015fma Bas\u0131nc\u0131\", \"g\"), \"Max. Working Pressure\");\r\nreplaceRecursively(document.body, new RegExp(\"\u00dcr\u00fcn \u00d6zellikleri\", \"g\"), \"Product Specifications\");\r\nreplaceRecursively(document.body, new RegExp(\"Stok Kodu\", \"g\"), \"Stock Code\");\r\nreplaceRecursively(document.body, new RegExp(\"Enerji Verimlilik\", \"g\"), \"Energy Efficiency\");\r\nreplaceRecursively(document.body, new RegExp(\"Endeksi\", \"g\"), \"Index\");\r\nreplaceRecursively(document.body, new RegExp(\"Motor G\u00fcc\u00fc\", \"g\"), \"Motor Power\");\r\nreplaceRecursively(document.body, new RegExp(\"Ba\u011flant\u0131 \u00c7ap\u0131\", \"g\"), \"Connection Diameter\");\r\nreplaceRecursively(document.body, new RegExp(\"Flan\u015f Aras\u0131\", \"g\"), \"Distance Between\");\r\nreplaceRecursively(document.body, new RegExp(\"Mesafe\", \"g\"), \"Flansh\");\r\nreplaceRecursively(document.body, new RegExp(\"Teknik \u00d6zellikler\", \"g\"), \"Technical Specifications\");\r\nreplaceRecursively(document.body, new RegExp(\"Malzeme \u00d6zellikleri\", \"g\"), \"Material Specifications\");\r\n\r\nreplaceRecursively(document.body, new RegExp(\"Pompa \u00d6zellikleri\", \"g\"), \"Pump Specifications\");\r\nreplaceRecursively(document.body, new RegExp(\"\u00d6zellikler\", \"g\"), \"Features\");\r\nreplaceRecursively(document.body, new RegExp(\"Performans E\u011frileri\", \"g\"), \"Performance Curves\");\r\nreplaceRecursively(document.body, new RegExp(\"Pompa G\u00f6vdesi\", \"g\"), \"Pump Body\");\r\nreplaceRecursively(document.body, new RegExp(\"S\u0131zd\u0131rmazl\u0131k\", \"g\"), \"Sealing\");\r\nreplaceRecursively(document.body, new RegExp(\"Yumu\u015fak Salmastra\", \"g\"), \"Soft Packing\");\r\nreplaceRecursively(document.body, new RegExp(\"\u00c7ark\/Dif\u00fcz\u00f6r\", \"g\"), \"Impeller\/Diffuser\");\r\nreplaceRecursively(document.body, new RegExp(\"Mil\", \"g\"), \"Mill\");\r\nreplaceRecursively(document.body, new RegExp(\"\u00c7ark\", \"g\"), \"Impeller\");\r\nreplaceRecursively(document.body, new RegExp(\"Emme-Basma G\u00f6vdesi\", \"g\"), \"Suction-Pressing Body\");\r\nreplaceRecursively(document.body, new RegExp(\"Mekanik Salmastra\", \"g\"), \"Mechanical Seal\");\r\nreplaceRecursively(document.body, new RegExp(\"Paslanmaz\", \"g\"), \"Stainless\");\r\nreplaceRecursively(document.body, new RegExp(\"Pik D\u00f6k\u00fcm\", \"g\"), \"Cast Iron\");\r\nreplaceRecursively(document.body, new RegExp(\"Karbon \/ Seramik\", \"g\"), \"Carbon \/ Ceramic\");\r\n\r\nreplaceRecursively(document.body, new RegExp(\"Salmastra\", \"g\"), \"Seal\");\r\nreplaceRecursively(document.body, new RegExp(\"Mekanik\", \"g\"), \"Mechanical\");\r\nreplaceRecursively(document.body, new RegExp(\"S\u0131v\u0131 S\u0131cakl\u0131\u011f\u0131\", \"g\"), \"Liquid Temperature\");\r\nreplaceRecursively(document.body, new RegExp(\"\u0130zolasyon\", \"g\"), \"Insulation\");\r\nreplaceRecursively(document.body, new RegExp(\"Kablo Uzunlu\u011fu\", \"g\"), \"Cable Length\");\r\nreplaceRecursively(document.body, new RegExp(\"Silisyum\", \"g\"), \"Silicon\");\r\n\r\nreplaceRecursively(document.body, new RegExp(\"Pompalar\u0131n haberle\u015fmesi i\u00e7in MODBUS RTU MODUL eklenmelidir.\", \"g\"), \"MODBUS RTU MODULE should be added for communication of pumps.\");\r\nreplaceRecursively(document.body, new RegExp(\"ISI YALITIM CEKETI\", \"g\"), \"THERMAL INSULATION JACKET\");\r\nreplaceRecursively(document.body, new RegExp(\"ISI Y.CEKETI\", \"g\"), \"THERMAL INS. JACKET\");\r\nreplaceRecursively(document.body, new RegExp(\"IKIZ POMPALAR\", \"g\"), \"TWIN PUMPS\");\r\nreplaceRecursively(document.body, new RegExp(\"VE\", \"g\"), \"&\");\r\nreplaceRecursively(document.body, new RegExp(\"RAKOR SETI\", \"g\"), \"GLAND SET\");\r\n\r\nreplaceRecursively(document.body, new RegExp(\"Sistem Ekipmanlar\u0131\", \"g\"), \"System Equipment\");\r\nreplaceRecursively(document.body, new RegExp(\"S\u0130STEM EK\u0130PMANLARI\", \"g\"), \"SYSTEM EQUIPMENT\");\r\nreplaceRecursively(document.body, new RegExp(\"G\u00f6vde rahatlatma vanas\u0131\", \"g\"), \"Body relief valve\");\r\nreplaceRecursively(document.body, new RegExp(\"\u00c7ekvalf\", \"g\"), \"Check Valve\");\r\nreplaceRecursively(document.body, new RegExp(\"Manometre\", \"g\"), \"Manometer\");\r\nreplaceRecursively(document.body, new RegExp(\"Bas\u0131n\u00e7 \u015ealteri\", \"g\"), \"Pressure Switch\");\r\nreplaceRecursively(document.body, new RegExp(\"Jokey Pompa\", \"g\"), \"Jockey Pump\");\r\nreplaceRecursively(document.body, new RegExp(\"Genle\u015fme Tank\u0131\", \"g\"), \"Expansion Tank\");\r\nreplaceRecursively(document.body, new RegExp(\"Hava Atma Ventili\", \"g\"), \"Vent Valve\");\r\n\r\nreplaceRecursively(document.body, new RegExp(\"Elektrik \u015eebekesi\", \"g\"), \"Electricity Grid\");\r\nreplaceRecursively(document.body, new RegExp(\"G\u00f6vde Bas\u0131nc\u0131\", \"g\"), \"Body Pressure\");\r\nreplaceRecursively(document.body, new RegExp(\"Debi\", \"g\"), \"Flow\");\r\nreplaceRecursively(document.body, new RegExp(\"Bas\u0131n\u00e7\", \"g\"), \"Pressure\");\r\nreplaceRecursively(document.body, new RegExp(\"Motor H\u0131z\u0131\", \"g\"), \"Motor Speed\");\r\nreplaceRecursively(document.body, new RegExp(\"Elektrik\", \"g\"), \"Electricity\");\r\nreplaceRecursively(document.body, new RegExp(\"Emme Flan\u015f\u0131\", \"g\"), \"Suction Flansh\");\r\nreplaceRecursively(document.body, new RegExp(\"Basma Flan\u015f\u0131\", \"g\"), \"Push Flansh\");\r\n\r\nreplaceRecursively(document.body, new RegExp(\"Basma Y\u00fcksekli\u011fi\", \"g\"), \"Pressing Height\");\r\nreplaceRecursively(document.body, new RegExp(\"Motor H\u0131z\u0131\", \"g\"), \"Motor Speed\");\r\nreplaceRecursively(document.body, new RegExp(\"Giri\u015f-\u00c7\u0131k\u0131\u015f\", \"g\"), \"Input-Output\");\r\nreplaceRecursively(document.body, new RegExp(\"Pano\", \"g\"), \"Panel\");\r\nreplaceRecursively(document.body, new RegExp(\"G\u00fc\u00e7\", \"g\"), \"Power\");\r\nreplaceRecursively(document.body, new RegExp(\"0,37kW'den 45 kW'ye kadar\", \"g\"), \"From 0.37 kw to 45 kw\");\r\nreplaceRecursively(document.body, new RegExp(\"1,5 kW'den 18,5 kW'ye kadar\", \"g\"), \"From 1.5 kw to 18.5 kw\");\r\nreplaceRecursively(document.body, new RegExp(\"Tam otomatik, haftal\u0131k testli\", \"g\"), \"Fully automatic, tested weekly\");\r\nreplaceRecursively(document.body, new RegExp(\"Sesli, \u0131\u015f\u0131kl\u0131, alarml\u0131\", \"g\"), \"With sound, light, alarm\");\r\n\r\nreplaceRecursively(document.body, new RegExp(\"PERFORMANS E\u011eR\u0130LER\u0130\", \"g\"), \"Performance Curves\");\r\nreplaceRecursively(document.body, new RegExp(\"\u00dcR\u00dcN \u00d6ZELL\u0130KLER\u0130\", \"g\"), \"PRODUCT SPECIFICATIONS\");\r\nreplaceRecursively(document.body, new RegExp(\"TEKN\u0130K \u00d6ZELL\u0130KLER\", \"g\"), \"TECHNICAL SPECIFICATIONS\");\r\nreplaceRecursively(document.body, new RegExp(\"POMPA TEKN\u0130K \u00d6ZELL\u0130KLER\u0130\", \"g\"), \"PUMP TECHNICAL SPECIFICATIONS\");\r\nreplaceRecursively(document.body, new RegExp(\"POMPA \u00d6ZELL\u0130KLER\u0130\", \"g\"), \"PUMP SPECIFICATIONS\");\r\nreplaceRecursively(document.body, new RegExp(\"MALZEME \u00d6ZELL\u0130KLER\u0130\", \"g\"), \"MATERIAL SPECIFICATIONS\");\r\n\r\nreplaceRecursively(document.body, new RegExp(\"POMPA\", \"g\"), \"PUMP\");\r\nreplaceRecursively(document.body, new RegExp(\"KAPAS\u0130T\u00d6R\", \"g\"), \"CAPACITOR\");\r\nreplaceRecursively(document.body, new RegExp(\"G\u0130R\u0130\u015e\", \"g\"), \"IN\");\r\nreplaceRecursively(document.body, new RegExp(\"\u00c7IKI\u015e\", \"g\"), \"OUT\");\r\nreplaceRecursively(document.body, new RegExp(\"T\u0130P\", \"g\"), \"TYPE\");\r\nreplaceRecursively(document.body, new RegExp(\"PANO\", \"g\"), \"PANEL\");\r\nreplaceRecursively(document.body, new RegExp(\"A\u00c7IK \u00c7ARK\", \"g\"), \"OPEN IMPELLER\");\r\nreplaceRecursively(document.body, new RegExp(\"KAPALI \u00c7ARK\", \"g\"), \"CLOSED IMPELLER\");\r\nreplaceRecursively(document.body, new RegExp(\"BI\u00c7AKLI\", \"g\"), \"BLADE\");\r\nreplaceRecursively(document.body, new RegExp(\"PASLANMAZ\", \"g\"), \"STAINLESS\");\r\nreplaceRecursively(document.body, new RegExp(\"D\u00d6K\u00dcM\", \"g\"), \"CAST\");\r\nreplaceRecursively(document.body, new RegExp(\"\u00c7ARK\", \"g\"), \"IMPELLER\");\r\nreplaceRecursively(document.body, new RegExp(\"TERM\u0130K\", \"g\"), \"THERMAL\");\r\nreplaceRecursively(document.body, new RegExp(\"KORUMA\", \"g\"), \"PROTECTION\");\r\nreplaceRecursively(document.body, new RegExp(\"SPECIFICATIONS\u0130\", \"g\"), \"SPECIFICATIONS\");\r\n\r\nreplaceRecursively(document.body, new RegExp(\"MALZEME \u00d6ZELL\u0130KLER\", \"g\"), \"MATERIAL SPECIFICATIONS\");<\/script>\t\t<\/div>\n\t\t\t\t<\/div>\n\t\t\t\t\t<\/div>\n\t\t<\/div>\n\t\t\t\t\t<\/div>\n\t\t<\/section>\n\t\t\t\t<\/div>\n\t\t","protected":false},"excerpt":{"rendered":"<h2><img decoding=\"async\" class=\"alignnone lazyload\" style=\"--smush-placeholder-width: 73px; --smush-placeholder-aspect-ratio: 73\/43;color: #333333; font-size: 16px;\" data-src=\"https:\/\/duyarpompa.com\/wp-content\/uploads\/2022\/08\/tselogo.jpg\" alt=\"\" width=\"73\" height=\"43\" src=\"data:image\/gif;base64,R0lGODlhAQABAAAAACH5BAEKAAEALAAAAAABAAEAAAICTAEAOw==\" \/><noscript><img decoding=\"async\" class=\"alignnone\" style=\"color: #333333; font-size: 16px;\" src=\"https:\/\/duyarpompa.com\/wp-content\/uploads\/2022\/08\/tselogo.jpg\" alt=\"\" width=\"73\" height=\"43\" \/><\/noscript><span style=\"color: #333333; font-size: 16px;\">\u00a0 \u00a0 \u00a0 \u00a0<\/span><img decoding=\"async\" class=\"alignnone lazyload\" style=\"--smush-placeholder-width: 49px; --smush-placeholder-aspect-ratio: 49\/35;color: #333333; font-size: 16px;\" data-src=\"https:\/\/duyarpompa.com\/wp-content\/uploads\/2022\/08\/celogo-copy.png\" alt=\"\" width=\"49\" height=\"35\" src=\"data:image\/gif;base64,R0lGODlhAQABAAAAACH5BAEKAAEALAAAAAABAAEAAAICTAEAOw==\" \/><noscript><img decoding=\"async\" class=\"alignnone\" style=\"color: #333333; font-size: 16px;\" src=\"https:\/\/duyarpompa.com\/wp-content\/uploads\/2022\/08\/celogo-copy.png\" alt=\"\" width=\"49\" height=\"35\" \/><\/noscript><\/h2>\n<p><a class=\"x\" href=\"https:\/\/duyarpompa.com\/wp-content\/uploads\/2022\/12\/Booster.pdf\" target=\"_blank\" rel=\"noopener\"><img decoding=\"async\" class=\"alignnone lazyload\" data-src=\"https:\/\/duyarpompa.com\/wp-content\/uploads\/2022\/09\/catalog-1.svg\" alt=\"\" width=\"160\" height=\"55\" src=\"data:image\/gif;base64,R0lGODlhAQABAAAAACH5BAEKAAEALAAAAAABAAEAAAICTAEAOw==\" style=\"--smush-placeholder-width: 160px; --smush-placeholder-aspect-ratio: 160\/55;\" \/><noscript><img decoding=\"async\" class=\"alignnone\" src=\"https:\/\/duyarpompa.com\/wp-content\/uploads\/2022\/09\/catalog-1.svg\" alt=\"\" width=\"160\" height=\"55\" \/><\/noscript><\/a>\u00a0\u00a0 \u00a0\u00a0<a class=\"x\" href=\"https:\/\/duyarpompa.com\/wp-content\/uploads\/2022\/09\/DMWP-LQ-ENG.pdf\" target=\"_blank\" rel=\"noopener\"><img loading=\"lazy\" decoding=\"async\" class=\"alignnone lazyload\" data-src=\"https:\/\/duyarpompa.com\/wp-content\/uploads\/2022\/09\/guide-1.svg\" alt=\"\" width=\"160\" height=\"55\" src=\"data:image\/gif;base64,R0lGODlhAQABAAAAACH5BAEKAAEALAAAAAABAAEAAAICTAEAOw==\" style=\"--smush-placeholder-width: 160px; --smush-placeholder-aspect-ratio: 160\/55;\" \/><noscript><img loading=\"lazy\" decoding=\"async\" class=\"alignnone\" src=\"https:\/\/duyarpompa.com\/wp-content\/uploads\/2022\/09\/guide-1.svg\" alt=\"\" width=\"160\" height=\"55\" \/><\/noscript><\/a><\/p>\n<h2><\/h2>\n<p>&nbsp;<\/p>\n","protected":false},"featured_media":19924,"template":"","meta":{"_acf_changed":false,"inline_featured_image":false,"_links_to":"","_links_to_target":""},"product_brand":[],"product_cat":[893,895],"product_tag":[],"class_list":{"0":"post-17473","1":"product","2":"type-product","3":"status-publish","4":"has-post-thumbnail","6":"product_cat-boosters","7":"product_cat-stainless-boosters","9":"first","10":"instock","11":"shipping-taxable","12":"product-type-simple"},"acf":[],"_links":{"self":[{"href":"https:\/\/duyarpompa.com\/en\/wp-json\/wp\/v2\/product\/17473","targetHints":{"allow":["GET"]}}],"collection":[{"href":"https:\/\/duyarpompa.com\/en\/wp-json\/wp\/v2\/product"}],"about":[{"href":"https:\/\/duyarpompa.com\/en\/wp-json\/wp\/v2\/types\/product"}],"version-history":[{"count":16,"href":"https:\/\/duyarpompa.com\/en\/wp-json\/wp\/v2\/product\/17473\/revisions"}],"predecessor-version":[{"id":20194,"href":"https:\/\/duyarpompa.com\/en\/wp-json\/wp\/v2\/product\/17473\/revisions\/20194"}],"wp:featuredmedia":[{"embeddable":true,"href":"https:\/\/duyarpompa.com\/en\/wp-json\/wp\/v2\/media\/19924"}],"wp:attachment":[{"href":"https:\/\/duyarpompa.com\/en\/wp-json\/wp\/v2\/media?parent=17473"}],"wp:term":[{"taxonomy":"product_brand","embeddable":true,"href":"https:\/\/duyarpompa.com\/en\/wp-json\/wp\/v2\/product_brand?post=17473"},{"taxonomy":"product_cat","embeddable":true,"href":"https:\/\/duyarpompa.com\/en\/wp-json\/wp\/v2\/product_cat?post=17473"},{"taxonomy":"product_tag","embeddable":true,"href":"https:\/\/duyarpompa.com\/en\/wp-json\/wp\/v2\/product_tag?post=17473"}],"curies":[{"name":"wp","href":"https:\/\/api.w.org\/{rel}","templated":true}]}}